{"id":264,"date":"2025-05-22T04:35:23","date_gmt":"2025-05-22T04:35:23","guid":{"rendered":"https:\/\/tiemsachhoangtu.vn\/?page_id=264"},"modified":"2025-05-29T07:13:07","modified_gmt":"2025-05-29T00:13:07","slug":"chinh-sach-bao-mat","status":"publish","type":"page","link":"https:\/\/tiemsachhoangtu.vn\/?page_id=264","title":{"rendered":"Ch\u00ednh s\u00e1ch b\u1ea3o m\u1eadt"},"content":{"rendered":"<p>Website thu\u1ed9c qu\u1ea3n l\u00fd c\u1ee7a Ti\u1ec7m s\u00e1ch Ho\u00e0ng T\u1eed cam k\u1ebft gi\u1eef b\u1ea3o m\u1eadt an to\u00e0n v\u1edbi th\u00f4ng tin c\u00e1 nh\u00e2n c\u1ee7a qu\u00fd kh\u00e1ch h\u00e0ng theo ch\u00ednh s\u00e1ch b\u1ea3o v\u1ec7 th\u00f4ng tin c\u1ee7a ph\u00e1p lu\u1eadt Vi\u1ec7t Nam.<\/p><h4 class=\"wp-block-heading\"><strong>1. M\u1ee5c \u0111\u00edch thu th\u1eadp th\u00f4ng tin<\/strong><\/h4><p>Vi\u1ec7c thu th\u1eadp th\u00f4ng tin bao g\u1ed3m: Email, s\u1ed1 \u0111i\u1ec7n tho\u1ea1i, h\u1ecd t\u00ean, \u0111\u1ecba ch\u1ec9 nh\u1eadn h\u00e0ng s\u1ebd ch\u1ec9 \u0111\u01b0\u1ee3c l\u01b0u tr\u1eef v\u00e0 s\u1eed d\u1ee5ng v\u1edbi m\u1ee5c \u0111\u00edch:<\/p><ul class=\"wp-block-list\"><li>H\u1ed7 tr\u1ee3 kh\u00e1ch h\u00e0ng<\/li>\n\n<li>Cung c\u1ea5p th\u00f4ng tin li\u00ean quan t\u1edbi d\u1ecbch v\u1ee5.<\/li>\n\n<li>X\u1eed l\u00fd \u0111\u01a1n \u0111\u1eb7t h\u00e0ng v\u00e0 cung c\u1ea5p d\u1ecbch v\u1ee5 th\u00f4ng qua trang web c\u1ee7a ch\u00fang t\u00f4i theo y\u00eau c\u1ea7u c\u1ee7a qu\u00fd kh\u00e1ch h\u00e0ng.<\/li>\n\n<li>G\u1eedi c\u00e1c th\u00f4ng tin gi\u1edbi thi\u1ec7u s\u1ea3n ph\u1ea9m m\u1edbi v\u00e0 ch\u01b0\u01a1ng tr\u00ecnh khuy\u1ebfn m\u00e3i s\u1eafp t\u1edbi cho b\u1ea1n qua email qu\u1ea3ng b\u00e1.<\/li>\n\n<li>L\u01b0u tr\u1eef d\u1eef li\u1ec7u \u0111\u1ec3 qu\u1ea3n l\u00fd t\u00e0i kho\u1ea3n kh\u00e1ch h\u00e0ng, th\u1ef1c hi\u1ec7n c\u00e1c giao d\u1ecbch thanh to\u00e1n \u0111\u01a1n h\u00e0ng, \u0111\u1ed5i tr\u1ea3 s\u1ea3n ph\u1ea9m.<\/li><\/ul><h4 class=\"wp-block-heading\"><strong>2. Th\u1eddi gian l\u01b0u tr\u1eef th\u00f4ng tin<\/strong><\/h4><p>V\u1edbi th\u00f4ng tin c\u00e1 nh\u00e2n, trang web Ti\u1ec7m s\u00e1ch Ho\u00e0ng T\u1eed ch\u1ec9 xo\u00e1 d\u1eef li\u1ec7u khi c\u00f3 y\u00eau c\u1ea7u t\u1eeb kh\u00e1ch h\u00e0ng. Qu\u00fd kh\u00e1ch vui l\u00f2ng li\u00ean h\u1ec7 B\u1ed9 ph\u1eadn Ch\u0103m s\u00f3c kh\u00e1ch h\u00e0ng \u0111\u1ec3 \u0111\u01b0\u1ee3c h\u1ed7 tr\u1ee3 chi ti\u1ebft.<\/p><h4 class=\"wp-block-heading\"><strong>3. \u0110\u1ecba ch\u1ec9 c\u1ee7a \u0111\u01a1n v\u1ecb thu th\u1eadp v\u00e0 qu\u1ea3n l\u00fd th\u00f4ng tin c\u00e1 nh\u00e2n<\/strong><\/h4><p>H\u1ed8 KINH DOANH TR\u1ea6N QU\u1ed0C HUY<\/p><p>\u0110\u1ecba ch\u1ec9: 188 Nguy\u1ec5n Th\u00e1i S\u01a1n, Ph\u01b0\u1eddng 1, Qu\u1eadn G\u00f2 V\u1ea5p, Th\u00e0nh ph\u1ed1 H\u1ed3 Ch\u00ed Minh, Vi\u1ec7t Nam.<\/p><p>\u0110i\u1ec7n tho\u1ea1i: 0904777667<\/p><p>Website: tiemsachhoangtu.vn<\/p><h4 class=\"wp-block-heading\"><strong>4. Nh\u1eefng ng\u01b0\u1eddi ho\u1eb7c t\u1ed5 ch\u1ee9c \u0111\u01b0\u1ee3c ti\u1ebfp c\u1eadn th\u00f4ng tin c\u00e1 nh\u00e2n<\/strong><\/h4><ul class=\"wp-block-list\"><li>C\u00e1c \u0111\u1ed1i t\u00e1c l\u00e0 b\u00ean cung c\u1ea5p d\u1ecbch v\u1ee5 cho ch\u00fang t\u00f4i li\u00ean quan \u0111\u1ebfn th\u1ef1c hi\u1ec7n \u0111\u01a1n h\u00e0ng v\u00e0 ch\u1ec9 gi\u1edbi h\u1ea1n trong ph\u1ea1m vi th\u00f4ng tin c\u1ea7n thi\u1ebft c\u0169ng nh\u01b0 \u00e1p d\u1ee5ng c\u00e1c quy \u0111\u1ecbnh \u0111\u1ea3m b\u1ea3o an ninh, b\u1ea3o m\u1eadt c\u00e1c th\u00f4ng tin c\u00e1 nh\u00e2n. (Nh\u01b0 c\u00e1c \u0111\u01a1n v\u1ecb v\u1eadn chuy\u1ec3n, \u0111\u01a1n v\u1ecb l\u01b0u tr\u1eef d\u1eef li\u1ec7u hosting&#8230;)<\/li><\/ul><ul class=\"wp-block-list\"><li>Ch\u00fang t\u00f4i s\u1eed d\u1ee5ng d\u1ecbch v\u1ee5 t\u1eeb m\u1ed9t nh\u00e0 cung c\u1ea5p d\u1ecbch v\u1ee5 l\u00e0 b\u00ean th\u1ee9 ba \u0111\u1ec3 th\u1ef1c hi\u1ec7n m\u1ed9t s\u1ed1 ho\u1ea1t \u0111\u1ed9ng li\u00ean quan. Khi \u0111\u00f3, b\u00ean th\u1ee9 ba c\u00f3 th\u1ec3 truy c\u1eadp ho\u1eb7c x\u1eed l\u00fd c\u00e1c th\u00f4ng tin c\u00e1 nh\u00e2n trong qu\u00e1 tr\u00ecnh cung c\u1ea5p c\u00e1c d\u1ecbch v\u1ee5 \u0111\u00f3. Ch\u00fang t\u00f4i y\u00eau c\u1ea7u c\u00e1c b\u00ean th\u1ee9 ba n\u00e0y tu\u00e2n th\u1ee7 m\u1ecdi lu\u1eadt l\u1ec7 v\u1ec1 b\u1ea3o v\u1ec7 th\u00f4ng tin c\u00e1 nh\u00e2n li\u00ean quan v\u00e0 c\u00e1c y\u00eau c\u1ea7u v\u1ec1 an ninh li\u00ean quan \u0111\u1ebfn th\u00f4ng tin c\u00e1 nh\u00e2n.<\/li><\/ul><ul class=\"wp-block-list\"><li>Y\u00eau c\u1ea7u ph\u00e1p l\u00fd: Ch\u00fang t\u00f4i c\u00f3 th\u1ec3 cung c\u1ea5p c\u00e1c th\u00f4ng tin c\u00e1 nh\u00e2n n\u1ebfu nh\u1eadn \u0111\u01b0\u1ee3c s\u1ef1 y\u00eau c\u1ea7u c\u1ee7a ph\u00e1p lu\u1eadt v\u00e0 c\u00e1c c\u01a1 quan ch\u1ee9c n\u0103ng. \u0110\u00f3 l\u00e0 ngh\u0129a v\u1ee5 v\u00e0 vi\u1ec7c cung c\u1ea5p nh\u01b0 v\u1eady l\u00e0 h\u1ee3p l\u00fd \u0111\u1ec3 tu\u00e2n th\u1ee7 c\u00e1c quy tr\u00ecnh ph\u00e1p l\u00fd.<\/li><\/ul><blockquote class=\"wp-block-quote is-layout-flow wp-block-quote-is-layout-flow\"><p><em>T\u1ea5t c\u1ea3 d\u1eef li\u1ec7u c\u1ee7a trang web, bao g\u1ed3m c\u00e1c b\u00e0i vi\u1ebft, th\u00f4ng tin s\u1ea3n ph\u1ea9m v\u00e0 th\u00f4ng tin kh\u00e1ch h\u00e0ng \u0111\u1ec1u \u0111\u01b0\u1ee3c l\u01b0u tr\u1eef t\u1ea1i c\u01a1 s\u1edf d\u1eef li\u1ec7u thu\u1ed9c \u0111\u01a1n v\u1ecb cung c\u1ea5p d\u1ecbch v\u1ee5 Vietnix JSC.<\/em><\/p><\/blockquote><h4 class=\"wp-block-heading\"><strong>5. Ph\u01b0\u01a1ng ti\u1ec7n, c\u00f4ng c\u1ee5 \u0111\u1ec3 ng\u01b0\u1eddi d\u00f9ng ti\u1ebfp c\u1eadn v\u00e0 ch\u1ec9nh s\u1eeda d\u1eef li\u1ec7u c\u00e1 nh\u00e2n c\u1ee7a b\u1ea3n th\u00e2n<\/strong><\/h4><p>Hi\u1ec7n trang web c\u1ee7a ch\u00fang t\u00f4i c\u00f3 h\u1ed7 tr\u1ee3 t\u1ea1o t\u00e0i kho\u1ea3n th\u00e0nh vi\u00ean \u0111\u1ec3 kh\u00e1ch h\u00e0ng c\u00f3 quy\u1ec1n truy c\u1eadp, ch\u1ec9nh s\u1eeda nh\u1eb1m thu\u1eadn ti\u1ec7n trong vi\u1ec7c \u0111\u1eb7t h\u00e0ng. \u0110\u1ec3 ch\u1ec9nh s\u1eeda, xo\u00e1 th\u00f4ng tin v\u00e0 nh\u1eefng y\u00eau c\u1ea7u kh\u00e1c. Qu\u00fd kh\u00e1ch vui l\u00f2ng li\u00ean h\u1ec7 B\u1ed9 ph\u1eadn Ch\u0103m s\u00f3c kh\u00e1ch h\u00e0ng \u0111\u1ec3 \u0111\u01b0\u1ee3c h\u1ed7 tr\u1ee3.<\/p><h4 class=\"wp-block-heading\"><strong>6. C\u01a1 ch\u1ebf ti\u1ebfp nh\u1eadn, gi\u1ea3i quy\u1ebft khi\u1ebfu n\u1ea1i c\u1ee7a ng\u01b0\u1eddi ti\u00eau d\u00f9ng li\u00ean quan \u0111\u1ebfn vi\u1ec7c th\u00f4ng tin c\u00e1 nh\u00e2n b\u1ecb s\u1eed d\u1ee5ng sai m\u1ee5c \u0111\u00edch ho\u1eb7c ph\u1ea1m vi \u0111\u00e3 th\u00f4ng b\u00e1o<\/strong><\/h4><p>Trang web tiemsachhoangtu.vn nh\u1eadn th\u1ee9c r\u1ea5t r\u00f5 vi\u1ec7c b\u1ea3o v\u1ec7 th\u00f4ng tin c\u00e1 nh\u00e2n c\u1ee7a qu\u00fd kh\u00e1ch h\u00e0ng l\u00e0 v\u00f4 c\u00f9ng quan tr\u1ecdng. Nh\u1eefng th\u00f4ng tin \u0111\u01b0\u1ee3c kh\u00e1ch h\u00e0ng cung c\u1ea5p s\u1ebd \u0111\u01b0\u1ee3c l\u01b0u tr\u1eef b\u1ea3o m\u1eadt v\u00e0 kh\u00f4ng chia s\u1ebb, b\u00e1n ho\u1eb7c cho thu\u00ea nh\u1eefng th\u00f4ng tin n\u00e0y cho b\u1ea5t c\u1ee9 ai, t\u1ed5 ch\u1ee9c n\u00e0o. Ch\u00fang t\u00f4i cam k\u1ebft th\u00f4ng tin c\u00e1 nh\u00e2n kh\u00e1ch h\u00e0ng cung c\u1ea5p s\u1ebd ch\u1ec9 \u0111\u01b0\u1ee3c s\u1eed d\u1ee5ng v\u00e0o c\u00e1c tr\u01b0\u1eddng h\u1ee3p sau:<\/p><ul class=\"wp-block-list\"><li>Cung c\u1ea5p d\u1ecbch v\u1ee5, v\u1eadn chuy\u1ec3n h\u00e0ng ho\u00e1 t\u1edbi kh\u00e1ch h\u00e0ng.<\/li>\n\n<li>Gi\u1ea3i quy\u1ebft khi\u1ebfu n\u1ea1i, ho\u00e0n tr\u1ea3 s\u1ea3n ph\u1ea9m.<\/li>\n\n<li>Khi c\u00f3 s\u1ef1 y\u00eau c\u1ea7u c\u1ee7a c\u01a1 quan ph\u00e1p lu\u1eadt.<\/li><\/ul><p>Ti\u1ec7m s\u00e1ch Ho\u00e0ng T\u1eed hi\u1ec3u r\u1eb1ng th\u00f4ng tin c\u00e1 nh\u00e2n m\u00e0 kh\u00e1ch h\u00e0ng cung c\u1ea5p ph\u1ea3i \u0111\u01b0\u1ee3c b\u1ea3o v\u1ec7 nghi\u00eam ng\u1eb7t. Trong tr\u01b0\u1eddng h\u1ee3p c\u00f3 th\u1eafc m\u1eafc, g\u00f3p \u00fd ho\u1eb7c ph\u00e1t hi\u1ec7n th\u00f4ng tin c\u00e1 nh\u00e2n c\u1ee7a m\u00ecnh b\u1ecb s\u1eed d\u1ee5ng sai m\u1ee5c \u0111\u00edch ho\u1eb7c ph\u1ea1m vi \u0111\u00e3 th\u00f4ng b\u00e1o. Vui l\u00f2ng g\u1eedi y\u00eau c\u1ea7u h\u1ed7 tr\u1ee3 ngay t\u1edbi <strong>B\u1ed9 ph\u1eadn Ch\u0103m s\u00f3c kh\u00e1ch h\u00e0ng qua Fanpage, Hotline\/Zalo: 0904777667 c\u1ee7a Ti\u1ec7n s\u00e1ch Ho\u00e0ng T\u1eed.<\/strong><\/p><p><\/p>","protected":false},"excerpt":{"rendered":"<p>Website thu\u1ed9c qu\u1ea3n l\u00fd c\u1ee7a Ti\u1ec7m s\u00e1ch Ho\u00e0ng T\u1eed cam k\u1ebft gi\u1eef b\u1ea3o m\u1eadt an to\u00e0n v\u1edbi th\u00f4ng tin c\u00e1 nh\u00e2n c\u1ee7a qu\u00fd kh\u00e1ch h\u00e0ng theo ch\u00ednh s\u00e1ch b\u1ea3o v\u1ec7 th\u00f4ng tin c\u1ee7a ph\u00e1p lu\u1eadt Vi\u1ec7t Nam. 1. M\u1ee5c \u0111\u00edch thu th\u1eadp th\u00f4ng tin Vi\u1ec7c thu th\u1eadp th\u00f4ng tin bao g\u1ed3m: Email, s\u1ed1 \u0111i\u1ec7n tho\u1ea1i,&#8230;<\/p>\n","protected":false},"author":1,"featured_media":0,"parent":0,"menu_order":0,"comment_status":"closed","ping_status":"closed","template":"","meta":{"pagelayer_contact_templates":[],"_pagelayer_content":"","_bst_post_transparent":"","_bst_post_title":"","_bst_post_layout":"","_bst_post_sidebar_id":"","_bst_post_content_style":"","_bst_post_vertical_padding":"","_bst_post_feature":"","_bst_post_feature_position":"","_bst_post_header":false,"_bst_post_footer":false,"footnotes":""},"class_list":["post-264","page","type-page","status-publish","hentry"],"jetpack_sharing_enabled":true,"_links":{"self":[{"href":"https:\/\/tiemsachhoangtu.vn\/index.php?rest_route=\/wp\/v2\/pages\/264","targetHints":{"allow":["GET"]}}],"collection":[{"href":"https:\/\/tiemsachhoangtu.vn\/index.php?rest_route=\/wp\/v2\/pages"}],"about":[{"href":"https:\/\/tiemsachhoangtu.vn\/index.php?rest_route=\/wp\/v2\/types\/page"}],"author":[{"embeddable":true,"href":"https:\/\/tiemsachhoangtu.vn\/index.php?rest_route=\/wp\/v2\/users\/1"}],"replies":[{"embeddable":true,"href":"https:\/\/tiemsachhoangtu.vn\/index.php?rest_route=%2Fwp%2Fv2%2Fcomments&post=264"}],"version-history":[{"count":5,"href":"https:\/\/tiemsachhoangtu.vn\/index.php?rest_route=\/wp\/v2\/pages\/264\/revisions"}],"predecessor-version":[{"id":3372,"href":"https:\/\/tiemsachhoangtu.vn\/index.php?rest_route=\/wp\/v2\/pages\/264\/revisions\/3372"}],"wp:attachment":[{"href":"https:\/\/tiemsachhoangtu.vn\/index.php?rest_route=%2Fwp%2Fv2%2Fmedia&parent=264"}],"curies":[{"name":"wp","href":"https:\/\/api.w.org\/{rel}","templated":true}]}}