{"id":285,"date":"2025-05-24T04:38:21","date_gmt":"2025-05-24T04:38:21","guid":{"rendered":"https:\/\/tiemsachhoangtu.vn\/?page_id=285"},"modified":"2026-04-01T00:11:51","modified_gmt":"2026-03-31T17:11:51","slug":"huong-dan-mua-hang-thanh-toan","status":"publish","type":"page","link":"https:\/\/tiemsachhoangtu.vn\/?page_id=285","title":{"rendered":"H\u01b0\u1edbng d\u1eabn mua h\u00e0ng v\u00e0 thanh to\u00e1n"},"content":{"rendered":"<figure class=\"wp-block-image size-large\"><img fetchpriority=\"high\" decoding=\"async\" width=\"1024\" height=\"1024\" src=\"https:\/\/tiemsachhoangtu.vn\/wp-content\/uploads\/2026\/03\/Template-TSHT_Thong-bao-copy3-1024x1024.png\" alt=\"\" class=\"wp-image-3463\" srcset=\"https:\/\/tiemsachhoangtu.vn\/wp-content\/uploads\/2026\/03\/Template-TSHT_Thong-bao-copy3-1024x1024.png 1024w, https:\/\/tiemsachhoangtu.vn\/wp-content\/uploads\/2026\/03\/Template-TSHT_Thong-bao-copy3-300x300.png 300w, https:\/\/tiemsachhoangtu.vn\/wp-content\/uploads\/2026\/03\/Template-TSHT_Thong-bao-copy3-150x150.png 150w, https:\/\/tiemsachhoangtu.vn\/wp-content\/uploads\/2026\/03\/Template-TSHT_Thong-bao-copy3-768x768.png 768w, https:\/\/tiemsachhoangtu.vn\/wp-content\/uploads\/2026\/03\/Template-TSHT_Thong-bao-copy3-1536x1536.png 1536w, https:\/\/tiemsachhoangtu.vn\/wp-content\/uploads\/2026\/03\/Template-TSHT_Thong-bao-copy3-100x100.png 100w, https:\/\/tiemsachhoangtu.vn\/wp-content\/uploads\/2026\/03\/Template-TSHT_Thong-bao-copy3-600x600.png 600w, https:\/\/tiemsachhoangtu.vn\/wp-content\/uploads\/2026\/03\/Template-TSHT_Thong-bao-copy3-96x96.png 96w, https:\/\/tiemsachhoangtu.vn\/wp-content\/uploads\/2026\/03\/Template-TSHT_Thong-bao-copy3-460x460.png 460w, https:\/\/tiemsachhoangtu.vn\/wp-content\/uploads\/2026\/03\/Template-TSHT_Thong-bao-copy3.png 1600w\" sizes=\"(max-width: 1024px) 100vw, 1024px\" \/><\/figure><p>\u0110\u1ec3 thu\u1eadn ti\u1ec7n v\u00e0 ch\u1ee7 \u0111\u1ed9ng \u0111\u1eb7t h\u00e0ng tr\u00ean trang web Ti\u1ec7m s\u00e1ch Ho\u00e0ng T\u1eed, qu\u00fd kh\u00e1ch c\u00f3 th\u1ec3 theo d\u00f5i c\u00e1c b\u01b0\u1edbc sau:<\/p><h4 class=\"wp-block-heading\"><strong>B\u01b0\u1edbc 1: T\u00ecm ki\u1ebfm s\u1ea3n ph\u1ea9m<\/strong><\/h4><p>B\u1ea1n c\u00f3 th\u1ec3 t\u00ecm s\u1ea3n ph\u1ea9m th\u00f4ng qua nh\u1eefng b\u01b0\u1edbc sau:<\/p><ul class=\"wp-block-list\"><li>T\u00ecm ki\u1ebfm theo t\u00ean s\u1ea3n ph\u1ea9m: Nh\u1eadp t\u1eeb, th\u00f4ng tin, t\u00ean s\u1ea3n ph\u1ea9m c\u1ea7n t\u00ecm ki\u1ebfm v\u00e0o \u00f4 &#8220;T\u00ecm ki\u1ebfm s\u1ea3n ph\u1ea9m&#8221; \u1edf g\u00f3c ph\u00eda gi\u1eefa g\u00f3c tr\u00ean m\u00e0n h\u00ecnh. Sau khi nh\u1eadp xong h\u00e3y nh\u1eabn ph\u00edm enter ho\u1eb7c n\u00fat bi\u1ec3u t\u01b0\u1ee3ng k\u00ednh l\u00fap \u0111\u1ec3 th\u1ef1c hi\u1ec7n thao t\u00e1c.<\/li>\n\n<li>T\u00ecm ki\u1ebfm theo t\u00ean t\u00e1c gi\u1ea3: T\u01b0\u01a1ng t\u1ef1 nh\u01b0 c\u00e1ch t\u00ecm s\u1ea3n ph\u1ea9m, b\u1ea1n nh\u1eadp th\u00f4ng tin t\u00ean c\u1ee7a t\u00e1c gi\u1ea3 m\u00ecnh mu\u1ed1n t\u00ecm v\u00e0o \u00f4 &#8220;T\u00ecm ki\u1ebfm s\u1ea3n ph\u1ea9m&#8221; v\u00e0 t\u00ecm t\u00e1c gi\u1ea3 \u0111\u00f3.<\/li>\n\n<li>T\u00ecm ki\u1ebfm theo danh m\u1ee5c s\u1ea3n ph\u1ea9m: H\u01b0\u1edbng chu\u1ed9t v\u00e0 click v\u00e0o ph\u1ea7n &#8220;Danh m\u1ee5c&#8221; \u1edf g\u00f3c tr\u00e1i, c\u1ea1nh \u00f4 t\u00ecm ki\u1ebfm. T\u1eeb \u0111\u00f3 b\u1ea1n c\u00f3 th\u1ec3 th\u1ea5y c\u00e1c tu\u1ef3 ch\u1ecdn v\u1ec1 th\u1ec3 lo\u1ea1i s\u1ea3n ph\u1ea9m c\u00f3 th\u1ec3 mua. Click ch\u1ecdn v\u00e0o danh m\u1ee5c m\u00e0 b\u1ea1n th\u1ea5y h\u1ee9ng th\u00fa v\u00e0 xem th\u00eam th\u00f4ng tin v\u1ec1 n\u00f3.<\/li><\/ul><h4 class=\"wp-block-heading\"><strong>B\u01b0\u1edbc 2. Th\u00eam s\u1ea3n ph\u1ea9m c\u1ea7n mua v\u00e0o gi\u1ecf h\u00e0ng<\/strong><\/h4><p>Sau khi t\u00ecm ki\u1ebfm \u0111\u01b0\u1ee3c s\u1ea3n ph\u1ea9m \u01b0ng \u00fd, b\u1ea1n h\u00e3y ti\u1ebfn h\u00e0nh th\u00eam s\u1ea3n ph\u1ea9m v\u00e0o gi\u1ecf h\u00e0ng.<\/p><p>B\u1ea1n c\u00f3 th\u1ec3 \u0111\u1eb7t nhanh&nbsp;b\u1eb1ng c\u00e1ch click tr\u1ef1c ti\u1ebfp v\u00e0o n\u00fat <strong>\u201cTh\u00eam v\u00e0o gi\u1ecf h\u00e0ng\u201d<\/strong> \u1edf g\u00f3c b\u00ean ph\u1ea3i c\u1ee7a m\u1ed7i s\u1ea3n ph\u1ea9m (n\u1ebfu h\u00e0ng h\u00f3a trong kho h\u1ebft, n\u00fat n\u00e0y s\u1ebd kh\u00f4ng s\u1eed d\u1ee5ng \u0111\u01b0\u1ee3c). Ngay sau \u0111\u00f3, s\u1ea3n ph\u1ea9m s\u1ebd \u0111\u01b0\u1ee3c th\u00eam v\u00e0o gi\u1ecf h\u00e0ng c\u1ee7a b\u1ea1n k\u00e8m theo th\u00f4ng b\u00e1o \u201cS\u1ea3n ph\u1ea9m \u0111\u00e3 \u0111\u01b0\u1ee3c th\u00eam v\u00e0o gi\u1ecf h\u00e0ng\u201d hi\u1ec3n th\u1ecb t\u1ea1i g\u00f3c tr\u00ean b\u00ean tr\u00ean c\u1ee7a s\u1ea3n ph\u1ea9m.<\/p><h4 class=\"wp-block-heading\"><strong>B\u01b0\u1edbc 3: Ki\u1ec3m tra s\u1ea3n ph\u1ea9m trong gi\u1ecf h\u00e0ng v\u00e0 ti\u1ebfn h\u00e0nh \u0111\u1eb7t h\u00e0ng:<\/strong><\/h4><p>B\u1ea1n c\u00f3 th\u1ec3 ki\u1ec3m tra gi\u1ecf h\u00e0ng c\u1ee7a m\u00ecnh b\u1eb1ng c\u00e1ch nh\u1ea5n v\u00e0o bi\u1ec3u t\u01b0\u1ee3ng <strong>&#8220;Gi\u1ecf h\u00e0ng&#8221;<\/strong> ph\u00eda tr\u00ean c\u00f9ng, g\u00f3c ph\u1ea3n c\u1ee7a m\u00e0n h\u00ecnh.<\/p><p>Sau khi v\u00e0o gi\u1ecf h\u00e0ng th\u00e0nh c\u00f4ng, b\u1ea1n c\u00f3 th\u1ec3 tu\u1ef3 ch\u1ec9nh s\u1ed1 l\u01b0\u1ee3ng h\u00e0ng c\u1ea7n \u0111\u1eb7t ho\u1eb7c b\u1ecf b\u1edbt s\u1ea3n ph\u1ea9m ra kh\u1ecfi gi\u1ecf h\u00e0ng. <\/p><p>Sau khi x\u00e1c nh\u1eadn ch\u00ednh x\u00e1c c\u00e1c th\u00f4ng tin \u1edf \u00f4 th\u00f4ng tin \u0111\u01a1n h\u00e0ng ph\u00eda b\u00ean ph\u1ea3i, b\u1ea1n h\u00e3y ch\u1ecdn &#8220;<strong>Ti\u1ebfn h\u00e0nh thanh to\u00e1n&#8221;<\/strong>.<\/p><h4 class=\"wp-block-heading\"><strong>B\u01b0\u1edbc 4: \u0110i\u1ec1n th\u00f4ng tin mua h\u00e0ng<\/strong><\/h4><ul class=\"wp-block-list\"><li>Sau khi ch\u1ecdn <strong>&#8220;Ti\u1ebfn h\u00e0nh thanh to\u00e1n&#8221;<\/strong> \u1edf b\u01b0\u1edbc tr\u00ean, b\u1ea1n s\u1ebd \u0111\u01b0\u1ee3c chuy\u1ec3n t\u1edbi khu v\u1ef1c \u0111i\u1ec1n th\u00f4ng tin mua h\u00e0ng. Vui l\u00f2ng \u0111i\u1ec1n c\u00e1c th\u00f4ng tin mua h\u00e0ng bao g\u1ed3m: H\u1ecd t\u00ean, s\u1ed1 \u0111i\u1ec7n tho\u1ea1i, \u0111\u1ecba ch\u1ec9 email, \u0111\u1ecba ch\u1ec9 nh\u1eadn h\u00e0ng, ch\u1ecdn h\u00ecnh th\u1ee9c v\u1eadn chuy\u1ec3n, thanh to\u00e1n. (Ti\u1ec7m s\u00e1ch Ho\u00e0ng T\u1eed khuy\u1ebfn kh\u00edch b\u1ea1n <strong>\u0111\u0103ng k\u00fd t\u00e0i kho\u1ea3n th\u00e0nh vi\u00ean<\/strong> \u0111\u1ec3 c\u00f3 th\u1ec3 d\u1ec5 d\u00e0ng l\u01b0u th\u00f4ng tin cho l\u1ea7n mua h\u00e0ng sau, v\u00e0 \u0111\u01b0\u1ee3c nh\u1eadn nh\u1eefng khuy\u1ebfn m\u00e3i d\u00e0nh cho th\u00e0nh vi\u00ean n\u1ebfu c\u00f3).<\/li><\/ul><ul class=\"wp-block-list\"><li>\u0110\u1ec3 \u0111\u0103ng k\u00fd t\u00e0i kho\u1ea3n th\u00e0nh vi\u00ean, b\u1ea1n h\u00e3y ch\u1ecdn tu\u1ef3 ch\u1ecdn <strong>&#8220;T\u00e0i kho\u1ea3n&#8221;<\/strong> ho\u1eb7c bi\u1ec3u t\u01b0\u1ee3ng <strong>&#8220;ng\u01b0\u1eddi d\u00f9ng&#8221;<\/strong> \u1edf g\u00f3c ph\u1ea3i ph\u00eda tr\u00ean m\u00e0n h\u00ecnh. H\u00e3y nh\u1eadp email c\u1ee7a m\u00ecnh v\u00e0o \u00f4 <strong>&#8220;\u0110\u0103ng k\u00fd&#8221;<\/strong> v\u00e0 ki\u1ec3m tra h\u1ed9p th\u01b0 email \u0111\u1ec3 ti\u1ebfn h\u00e0nh \u0111\u1eb7t m\u1eadt kh\u1ea9u cho t\u00e0i kho\u1ea3n.<\/li>\n\n<li>Sau khi \u0111\u00e3 \u0111\u0103ng k\u00fd t\u00e0i kho\u1ea3n th\u00e0nh c\u00f4ng, b\u1ea1n h\u00e3y l\u01b0u l\u1ea1i th\u00f4ng tin mua h\u00e0ng c\u1ee7a m\u00ecnh \u0111\u1ec3 thu\u1eadn ti\u1ec7n h\u01a1n cho nh\u1eefng l\u1ea7n mua s\u1eafm ti\u1ebfp theo.<\/li><\/ul><h4 class=\"wp-block-heading\"><strong>B\u01b0\u1edbc 5: Ch\u1ecdn ph\u01b0\u01a1ng th\u1ee9c thanh to\u00e1n<\/strong><\/h4><p>Trong ph\u1ea7n &#8220;Tu\u1ef3 ch\u1ecdn thanh to\u00e1n&#8221; b\u1ea1n c\u00f3 th\u1ec3 l\u1ef1a ch\u1ecdn hai tu\u1ef3 ch\u1ecdn sau:<\/p><ul class=\"wp-block-list\"><li><strong>Thanh to\u00e1n khi nh\u1eadn h\u00e0ng (COD):<\/strong> B\u1ea1n thanh to\u00e1n cho nh\u00e2n vi\u00ean giao h\u00e0ng &nbsp;t\u1ea1i th\u1eddi \u0111i\u1ec3m b\u1ea1n nh\u1eadn h\u00e0ng.&nbsp;<\/li>\n\n<li><strong>Chuy\u1ec3n kho\u1ea3n ng\u00e2n h\u00e0ng tr\u1ef1c ti\u1ebfp:<\/strong> \u0110\u1ec3 thanh to\u00e1n v\u1edbi tu\u1ef3 ch\u1ecdn n\u00e0y, b\u1ea1n h\u00e3y b\u1ea5m &#8220;\u0110\u1eb7t h\u00e0ng&#8221;. Sau \u0111\u00f3, b\u1ea1n s\u1ebd \u0111\u01b0\u1ee3c chuy\u1ec3n t\u1edbi giao di\u1ec7n <strong>&#8220;\u0110\u00e3 \u0111\u1eb7t h\u00e0ng th\u00e0nh c\u00f4ng&#8221;. Vui l\u00f2ng chuy\u1ec3n kho\u1ea3n t\u1edbi t\u00e0i kho\u1ea3n c\u1ee7a Ti\u1ec7m s\u00e1ch Ho\u00e0ng T\u1eed v\u00e0 ghi ch\u00fa &#8220;S\u1ed1 \u0111i\u1ec7n tho\u1ea1i + M\u00e3 \u0111\u01a1n h\u00e0ng&#8221;. VD: &#8220;0904123456 + 285&#8221;. <\/strong>Trong tr\u01b0\u1eddng h\u1ee3p ch\u01b0a nh\u1eadn \u0111\u01b0\u1ee3c th\u00f4ng tin chuy\u1ec3n kho\u1ea3n c\u1ee7a b\u1ea1n, ch\u00fang t\u00f4i s\u1ebd g\u1ecdi \u0111i\u1ec7n x\u00e1c nh\u1eadn v\u1edbi kh\u00e1ch h\u00e0ng v\u00e0 thay \u0111\u1ed5i sang ph\u01b0\u01a1ng th\u1ee9c COD n\u1ebfu c\u1ea7n thi\u1ebft.<\/li><\/ul><figure class=\"wp-block-image aligncenter size-large is-resized\"><img decoding=\"async\" width=\"1024\" height=\"468\" src=\"https:\/\/tiemsachhoangtu.vn\/wp-content\/uploads\/2025\/05\/Screenshot-2025-05-24-at-11.12.27-1024x468.png\" alt=\"\" class=\"wp-image-288\" style=\"width:550px;height:auto\" srcset=\"https:\/\/tiemsachhoangtu.vn\/wp-content\/uploads\/2025\/05\/Screenshot-2025-05-24-at-11.12.27-1024x468.png 1024w, https:\/\/tiemsachhoangtu.vn\/wp-content\/uploads\/2025\/05\/Screenshot-2025-05-24-at-11.12.27-300x137.png 300w, https:\/\/tiemsachhoangtu.vn\/wp-content\/uploads\/2025\/05\/Screenshot-2025-05-24-at-11.12.27-768x351.png 768w, https:\/\/tiemsachhoangtu.vn\/wp-content\/uploads\/2025\/05\/Screenshot-2025-05-24-at-11.12.27.png 1412w\" sizes=\"(max-width: 1024px) 100vw, 1024px\" \/><figcaption class=\"wp-element-caption\">H\u00ecnh \u1ea3nh h\u01b0\u1edbng d\u1eabn minh ho\u1ea1<\/figcaption><\/figure><h4 class=\"wp-block-heading\"><strong>B\u01b0\u1edbc 6: X\u00e1c nh\u1eadn \u0111\u01a1n h\u00e0ng<\/strong><\/h4><p>Sau khi \u0111\u00e3 ho\u00e0n th\u00e0nh nh\u1eadp th\u00f4ng tin nh\u1eadn h\u00e0ng, ph\u01b0\u01a1ng th\u1ee9c thanh to\u00e1n. B\u1ea1n h\u00e3y x\u00e1c nh\u1eadn c\u00e1c th\u00f4ng tin v\u1eeba nh\u1eadp l\u00e0 ch\u00ednh x\u00e1c v\u00e0 ch\u1ecdn n\u00fat <strong>&#8220;\u0110\u1eb7t h\u00e0ng&#8221;<\/strong>.<\/p><p>Khi b\u1ea1n \u0111\u00e3 click v\u00e0o \u201c\u0110\u1eb7t h\u00e0ng\u201d, website g\u1eedi l\u1ea1i b\u1ea1n th\u00f4ng b\u00e1o <strong>\u201cC\u1ea3m \u01a1n b\u1ea1n. \u0110\u01a1n h\u00e0ng c\u1ee7a b\u1ea1n \u0111\u00e3 \u0111\u01b0\u1ee3c nh\u1eadn.\u201d<\/strong> k\u00e8m theo M\u00e3 \u0111\u01a1n h\u00e0ng, ngh\u0129a l\u00e0 b\u1ea1n <strong>\u0111\u00e3 \u0111\u1eb7t h\u00e0ng th\u00e0nh c\u00f4ng<\/strong>.<\/p><p>B\u1ea1n c\u00f3 th\u1ec3 ki\u1ec3m tra l\u1ea1i th\u00f4ng tin \u0111\u1eb7t h\u00e0ng m\u00ecnh trong ph\u1ea7n <strong>&#8220;Th\u00f4ng tin t\u00e0i kho\u1ea3n&#8221; <\/strong>n\u1ebfu \u0111\u00e3 c\u00f3 t\u00e0i kho\u1ea3n th\u00e0nh vi\u00ean.<\/p><p>Trong tr\u01b0\u1eddng h\u1ee3p mu\u1ed1n thay \u0111\u1ed5i th\u00f4ng tin giao h\u00e0nh, ho\u1eb7c xem ti\u1ebfn \u0111\u1ed9 \u0111\u01a1n h\u00e0ng. B\u1ea1n h\u00e3y li\u00ean h\u1ec7 t\u1edbi B\u1ed9 ph\u1eadn Ch\u0103m s\u00f3c kh\u00e1ch h\u00e0ng ho\u1eb7c Hotline\/Zalo: 0904777667 \u0111\u1ec3 \u0111\u01b0\u1ee3c h\u1ed7 tr\u1ee3 nhanh nh\u1ea5t. Xin c\u1ea3m \u01a1n b\u1ea1n \u0111\u00e3 tin t\u01b0\u1edfng \u1ee7ng h\u1ed9.<\/p><p><\/p>","protected":false},"excerpt":{"rendered":"<p>\u0110\u1ec3 thu\u1eadn ti\u1ec7n v\u00e0 ch\u1ee7 \u0111\u1ed9ng \u0111\u1eb7t h\u00e0ng tr\u00ean trang web Ti\u1ec7m s\u00e1ch Ho\u00e0ng T\u1eed, qu\u00fd kh\u00e1ch c\u00f3 th\u1ec3 theo d\u00f5i c\u00e1c b\u01b0\u1edbc sau: B\u01b0\u1edbc 1: T\u00ecm ki\u1ebfm s\u1ea3n ph\u1ea9m B\u1ea1n c\u00f3 th\u1ec3 t\u00ecm s\u1ea3n ph\u1ea9m th\u00f4ng qua nh\u1eefng b\u01b0\u1edbc sau: B\u01b0\u1edbc 2. Th\u00eam s\u1ea3n ph\u1ea9m c\u1ea7n mua v\u00e0o gi\u1ecf h\u00e0ng Sau khi t\u00ecm ki\u1ebfm&#8230;<\/p>\n","protected":false},"author":1,"featured_media":0,"parent":0,"menu_order":0,"comment_status":"closed","ping_status":"closed","template":"","meta":{"pagelayer_contact_templates":[],"_pagelayer_content":"","_bst_post_transparent":"","_bst_post_title":"","_bst_post_layout":"","_bst_post_sidebar_id":"","_bst_post_content_style":"","_bst_post_vertical_padding":"","_bst_post_feature":"","_bst_post_feature_position":"","_bst_post_header":false,"_bst_post_footer":false,"footnotes":""},"class_list":["post-285","page","type-page","status-publish","hentry"],"jetpack_sharing_enabled":true,"_links":{"self":[{"href":"https:\/\/tiemsachhoangtu.vn\/index.php?rest_route=\/wp\/v2\/pages\/285","targetHints":{"allow":["GET"]}}],"collection":[{"href":"https:\/\/tiemsachhoangtu.vn\/index.php?rest_route=\/wp\/v2\/pages"}],"about":[{"href":"https:\/\/tiemsachhoangtu.vn\/index.php?rest_route=\/wp\/v2\/types\/page"}],"author":[{"embeddable":true,"href":"https:\/\/tiemsachhoangtu.vn\/index.php?rest_route=\/wp\/v2\/users\/1"}],"replies":[{"embeddable":true,"href":"https:\/\/tiemsachhoangtu.vn\/index.php?rest_route=%2Fwp%2Fv2%2Fcomments&post=285"}],"version-history":[{"count":9,"href":"https:\/\/tiemsachhoangtu.vn\/index.php?rest_route=\/wp\/v2\/pages\/285\/revisions"}],"predecessor-version":[{"id":3470,"href":"https:\/\/tiemsachhoangtu.vn\/index.php?rest_route=\/wp\/v2\/pages\/285\/revisions\/3470"}],"wp:attachment":[{"href":"https:\/\/tiemsachhoangtu.vn\/index.php?rest_route=%2Fwp%2Fv2%2Fmedia&parent=285"}],"curies":[{"name":"wp","href":"https:\/\/api.w.org\/{rel}","templated":true}]}}