{"id":3246,"date":"2025-05-26T05:39:16","date_gmt":"2025-05-25T22:39:16","guid":{"rendered":"https:\/\/tiemsachhoangtu.vn\/?post_type=product&#038;p=3246"},"modified":"2025-05-26T06:32:23","modified_gmt":"2025-05-25T23:32:23","slug":"truyen-ngan-doraemon-tron-bo-45-tap-nxb-kim-dong","status":"publish","type":"product","link":"https:\/\/tiemsachhoangtu.vn\/?product=truyen-ngan-doraemon-tron-bo-45-tap-nxb-kim-dong","title":{"rendered":"Truy\u1ec7n ng\u1eafn Doraemon &#8211; Tr\u1ecdn b\u1ed9 45 t\u1eadp &#8211; NXB Kim \u0110\u1ed3ng"},"content":{"rendered":"<p>Nh\u1eefng c\u00e2u chuy\u1ec7n v\u1ec1 ch\u00fa m\u00e8o m\u00e1y th\u00f4ng minh Doraemon v\u00e0 nh\u00f3m b\u1ea1n Nobita, Shizuka, Suneo, Jaian, Dekisugi s\u1ebd \u0111\u01b0a ch\u00fang ta b\u01b0\u1edbc v\u00e0o th\u1ebf gi\u1edbi h\u1ed3n nhi\u00ean, trong s\u00e1ng \u0111\u1ea7y \u1eafp ti\u1ebfng c\u01b0\u1eddi v\u1edbi m\u1ed9t kho b\u1ea3o b\u1ed1i k\u00ec di\u1ec7u &#8211; nh\u1eefng b\u1ea3o b\u1ed1i bi\u1ebfn \u01b0\u1edbc m\u01a1 c\u1ee7a ch\u00fang ta th\u00e0nh s\u1ef1 th\u1eadt. Nh\u01b0ng tr\u00ean t\u1ea5t c\u1ea3 Doraemon l\u00e0 hi\u1ec7n th\u00e2n c\u1ee7a t\u00ecnh b\u1ea1n cao \u0111\u1eb9p, c\u1ee7a ni\u1ec1m kh\u00e1t khao v\u01b0\u01a1n t\u1edbi nh\u1eefng t\u1ea7m cao.<\/p>\n<p><strong>T\u00c1C GI\u1ea2 &#8211; H\u1eccA S\u0128 FUJIKO F FUJIO<\/strong><br \/>\nT\u00ean th\u1eadt l\u00e0 Fujimoto Hiroshi. \u00d4ng sinh ng\u00e0y 1 th\u00e1ng 12 n\u0103m 1933 t\u1ea1i t\u1ec9nh Toyama, Nh\u1eadt B\u1ea3n. N\u0103m 1951 \u00f4ng cho ra \u0111\u1eddi t\u00e1c ph\u1ea9m \u0111\u1ea7u tay \u201cThi\u00ean th\u1ea7n Tama\u201d (\u0111\u0103ng d\u00e0i k\u00ec tr\u00ean b\u00e1o h\u1ecdc sinh ti\u1ec3u h\u1ecdc h\u1eb1ng ng\u00e0y).<br \/>\nSau \u0111\u00f3, \u00f4ng c\u00f4ng b\u1ed1 c\u00e1c t\u00e1c ph\u1ea9m s\u00e1ng t\u00e1c c\u00f9ng Abiko Motoo v\u1edbi b\u00fat danh \u201cFujiko Fujio\u201d.<br \/>\nN\u0103m 1987, \u00f4ng ng\u1eebng h\u1ee3p t\u00e1c v\u1edbi Abiko, l\u1ea5y b\u00fat danh l\u00e0 FUJIKO F FUJIO v\u00e0 b\u1eaft \u0111\u1ea7u chuy\u1ec3n sang s\u00e1ng t\u00e1c truy\u1ec7n tranh h\u01b0\u1edbng t\u1edbi \u0111\u1ed1i t\u01b0\u1ee3ng nhi \u0111\u1ed3ng.<br \/>\nNh\u1eefng t\u00e1c ph\u1ea9m ti\u00eau bi\u1ec3u nh\u1ea5t c\u00f3 th\u1ec3 k\u1ec3 \u0111\u1ebfn l\u00e0 \u201cDoraemon\u201d, \u201cCon ma Q-taro (chung b\u00fat danh)\u201d, \u201cPerman-C\u1eadu b\u00e9 si\u00eau nh\u00e2n\u201d, \u201cCu\u1ed1n t\u1eeb \u0111i\u1ec3n k\u00ec b\u00ed\u201d, \u201cSi\u00eau nh\u00e2n Mami\u201d\u2026<\/p>\n","protected":false},"excerpt":{"rendered":"<p>Nh\u1eefng c\u00e2u chuy\u1ec7n v\u1ec1 ch\u00fa m\u00e8o m\u00e1y th\u00f4ng minh Doraemon v\u00e0 nh\u00f3m b\u1ea1n Nobita, Shizuka, Suneo, Jaian, Dekisugi s\u1ebd \u0111\u01b0a ch\u00fang ta b\u01b0\u1edbc v\u00e0o th\u1ebf gi\u1edbi h\u1ed3n nhi\u00ean, trong s\u00e1ng \u0111\u1ea7y \u1eafp ti\u1ebfng c\u01b0\u1eddi v\u1edbi m\u1ed9t kho b\u1ea3o b\u1ed1i k\u00ec di\u1ec7u &#8211; nh\u1eefng b\u1ea3o b\u1ed1i bi\u1ebfn \u01b0\u1edbc m\u01a1 c\u1ee7a ch\u00fang ta th\u00e0nh s\u1ef1 th\u1eadt. Nh\u01b0ng&#8230;<\/p>\n","protected":false},"featured_media":270,"template":"","meta":{"pagelayer_contact_templates":[],"_pagelayer_content":"","_bst_post_transparent":"default","_bst_post_title":"","_bst_post_layout":"default","_bst_post_sidebar_id":"","_bst_post_content_style":"default","_bst_post_vertical_padding":"default","_bst_post_feature":"","_bst_post_feature_position":"","_bst_post_header":false,"_bst_post_footer":false},"product_brand":[39],"product_cat":[37,26],"product_tag":[42,136,137,45,43,132,133,135,134,41],"product_brands":[],"class_list":{"0":"post-3246","1":"product","2":"type-product","3":"status-publish","4":"has-post-thumbnail","6":"product_brand-doraemon","7":"product_cat-truyen-tranh-manga-comic","8":"product_cat-sach-truyen-thieu-nhi","9":"product_tag-manga","10":"product_tag-meo-doraemon","11":"product_tag-meo-may-doraemon","12":"product_tag-truyen-doraemon","13":"product_tag-truyen-tranh","14":"product_tag-truyen-tranh-doraemon","15":"product_tag-truyen-tranh-manga","16":"product_tag-truyen-tranh-do-re-mon","17":"product_tag-truyen-do-re-mon","18":"product_tag-do-re-mon","20":"first","21":"instock","22":"sale","23":"taxable","24":"shipping-taxable","25":"purchasable","26":"product-type-variable","27":"entry","28":"content-bg","29":"loop-entry"},"jetpack_sharing_enabled":true,"_links":{"self":[{"href":"https:\/\/tiemsachhoangtu.vn\/index.php?rest_route=\/wp\/v2\/product\/3246","targetHints":{"allow":["GET"]}}],"collection":[{"href":"https:\/\/tiemsachhoangtu.vn\/index.php?rest_route=\/wp\/v2\/product"}],"about":[{"href":"https:\/\/tiemsachhoangtu.vn\/index.php?rest_route=\/wp\/v2\/types\/product"}],"wp:featuredmedia":[{"embeddable":true,"href":"https:\/\/tiemsachhoangtu.vn\/index.php?rest_route=\/wp\/v2\/media\/270"}],"wp:attachment":[{"href":"https:\/\/tiemsachhoangtu.vn\/index.php?rest_route=%2Fwp%2Fv2%2Fmedia&parent=3246"}],"wp:term":[{"taxonomy":"product_brand","embeddable":true,"href":"https:\/\/tiemsachhoangtu.vn\/index.php?rest_route=%2Fwp%2Fv2%2Fproduct_brand&post=3246"},{"taxonomy":"product_cat","embeddable":true,"href":"https:\/\/tiemsachhoangtu.vn\/index.php?rest_route=%2Fwp%2Fv2%2Fproduct_cat&post=3246"},{"taxonomy":"product_tag","embeddable":true,"href":"https:\/\/tiemsachhoangtu.vn\/index.php?rest_route=%2Fwp%2Fv2%2Fproduct_tag&post=3246"},{"taxonomy":"product_brands","embeddable":true,"href":"https:\/\/tiemsachhoangtu.vn\/index.php?rest_route=%2Fwp%2Fv2%2Fproduct_brands&post=3246"}],"curies":[{"name":"wp","href":"https:\/\/api.w.org\/{rel}","templated":true}]}}