{"id":3308,"date":"2025-05-26T16:23:03","date_gmt":"2025-05-26T09:23:03","guid":{"rendered":"https:\/\/tiemsachhoangtu.vn\/?post_type=product&#038;p=3308"},"modified":"2025-05-26T16:27:50","modified_gmt":"2025-05-26T09:27:50","slug":"truyen-tranh-tham-tu-lung-danh-conan-gio-tra-cua-zero","status":"publish","type":"product","link":"https:\/\/tiemsachhoangtu.vn\/?product=truyen-tranh-tham-tu-lung-danh-conan-gio-tra-cua-zero","title":{"rendered":"Truy\u1ec7n tranh Th\u00e1m t\u1eed l\u1eebng danh Conan &#8211; Gi\u1edd tr\u00e0 c\u1ee7a Zero"},"content":{"rendered":"<p>GI\u1edc TR\u00c0 C\u1ee6A ZERO &#8211; ZERO&#8217;S TEA TIME &#8211; M\u1ed9t trong nh\u1eefng ngo\u1ea1i truy\u1ec7n \u0111\u1eb7c s\u1eafc v\u1ec1 nh\u00e2n v\u1eadt Toru Amuro trong &#8220;Th\u00e1m t\u1eed l\u1eebng danh Conan&#8221;!!<\/p>\n<p>Tuy m\u1edbi ch\u1ec9 ph\u00e1t h\u00e0nh v\u00e0i t\u1eadp, nh\u01b0ng nh\u1edd n\u1ee5 c\u01b0\u1eddi tan ch\u1ea3y, c\u00e1i \u0111\u1ea7u l\u1ea1nh v\u00e0 tr\u00e1i tim \u1ea5m \u00e1p, t\u00e1c ph\u1ea9m v\u1ec1 cu\u1ed9c s\u1ed1ng th\u01b0\u1eddng nh\u1eadt c\u1ee7a anh ch\u00e0ng Amuro t\u1ea1i qu\u00e1n c\u00e0 ph\u00ea Poirot \u0111\u00e3 \u0111\u1ed1n g\u1ee5c bi\u1ebft bao tr\u00e1i tim c\u1ee7a fan m\u00ea &#8220;Conan&#8221;.<\/p>\n<p>Xin gi\u1edbi thi\u1ec7u t\u1edbi c\u00e1c b\u1ea1n nh\u1eefng m\u1ea9u chuy\u1ec7n th\u01b0\u1eddng ng\u00e0y ch\u01b0a ai bi\u1ebft \u0111\u1ebfn v\u1ec1 ng\u01b0\u1eddi \u0111\u00e0n \u00f4ng mang trong m\u00ecnh c\u1ea3 \u00e1nh s\u00e1ng l\u1eabn b\u00f3ng t\u1ed1i, s\u1edf h\u1eefu 3 b\u1ed9 m\u1eb7t: C\u1ea3nh s\u00e1t = Furuya Rei, Th\u00e1m t\u1eed = Amuro Toru, T\u1ed5 ch\u1ee9c \u00c1o \u0111en = Bourbon.<\/p>\n<p>S\u00e1ch \u0111\u01b0\u1ee3c in v\u1edbi ph\u1ea7n Obi d\u00e2ng cao, m\u1ea1 kim l\u1ea5p l\u00e1nh v\u1edbi b\u00fat t\u00edch g\u1ed1c v\u00e0 ch\u1eef k\u00ed c\u1ee7a cha \u0111\u1ebb nguy\u00ean t\u00e1c Gosho Aoyama, \u0111\u00fang v\u1edbi tinh th\u1ea7n c\u1ee7a b\u1ea3n g\u1ed1c mu\u1ed1n truy\u1ec1n t\u1ea3i. Ch\u1eafc ch\u1eafn s\u1ebd \u0111em t\u1edbi cho c\u00e1c b\u1ea1n nh\u1eefng ph\u00fat gi\u00e2y th\u00fa v\u1ecb, nh\u01b0 m\u1ed9t l\u00e1t c\u1eaft kh\u00e1c ch\u01b0a t\u1eebng b\u1eaft g\u1eb7p trong &#8220;Th\u00e1m t\u1eed l\u1eebng danh Conan&#8221;!!<\/p>\n<p>\u201cV\u1edbi t\u01b0 c\u00e1ch l\u00e0 m\u1ed9t trong v\u00f4 v\u00e0n fan h\u00e2m m\u1ed9 AOYAMA ti\u00ean sinh tr\u00ean Tr\u00e1i \u0110\u1ea5t, t\u00f4i r\u1ea5t mong nh\u1eefng ng\u01b0\u1eddi y\u00eau m\u1ebfn th\u1ebf gi\u1edbi c\u1ee7a \u201cTh\u00e1m t\u1eed l\u1eebng danh Conan\u201d do ti\u00ean sinh t\u1ea1o ra s\u1ebd t\u1eadn h\u01b0\u1edfng \u201cGi\u1edd tr\u00e0 c\u1ee7a Zero\u201d h\u1ebft m\u00ecnh. T\u00f4i v\u1ebd b\u1ed9 truy\u1ec7n n\u00e0y c\u0169ng v\u00ec m\u1ee5c \u0111\u00edch \u0111\u00f3. R\u1ea5t mong \u0111\u01b0\u1ee3c m\u1ecdi ng\u01b0\u1eddi \u0111\u00f3n nh\u1eadn.\u201d (Takahiro Arai)<\/p>\n<p>S\u00e1ch t\u1eb7ng k\u00e8m Obi Metalized cho b\u1ea3n in \u0111\u1ea7u.<\/p>\n","protected":false},"excerpt":{"rendered":"<p>GI\u1edc TR\u00c0 C\u1ee6A ZERO &#8211; ZERO&#8217;S TEA TIME &#8211; M\u1ed9t trong nh\u1eefng ngo\u1ea1i truy\u1ec7n \u0111\u1eb7c s\u1eafc v\u1ec1 nh\u00e2n v\u1eadt Toru Amuro trong &#8220;Th\u00e1m t\u1eed l\u1eebng danh Conan&#8221;!! Tuy m\u1edbi ch\u1ec9 ph\u00e1t h\u00e0nh v\u00e0i t\u1eadp, nh\u01b0ng nh\u1edd n\u1ee5 c\u01b0\u1eddi tan ch\u1ea3y, c\u00e1i \u0111\u1ea7u l\u1ea1nh v\u00e0 tr\u00e1i tim \u1ea5m \u00e1p, t\u00e1c ph\u1ea9m v\u1ec1 cu\u1ed9c s\u1ed1ng th\u01b0\u1eddng nh\u1eadt&#8230;<\/p>\n","protected":false},"featured_media":3311,"template":"","meta":{"pagelayer_contact_templates":[],"_pagelayer_content":"","_bst_post_transparent":"default","_bst_post_title":"","_bst_post_layout":"default","_bst_post_sidebar_id":"","_bst_post_content_style":"default","_bst_post_vertical_padding":"default","_bst_post_feature":"","_bst_post_feature_position":"","_bst_post_header":false,"_bst_post_footer":false},"product_brand":[138],"product_cat":[37,26],"product_tag":[],"product_brands":[],"class_list":{"0":"post-3308","1":"product","2":"type-product","3":"status-publish","4":"has-post-thumbnail","6":"product_brand-tham-tu-lung-danh-conan","7":"product_cat-truyen-tranh-manga-comic","8":"product_cat-sach-truyen-thieu-nhi","10":"first","11":"instock","12":"sale","13":"taxable","14":"shipping-taxable","15":"purchasable","16":"product-type-simple","17":"entry","18":"content-bg","19":"loop-entry"},"jetpack_sharing_enabled":true,"_links":{"self":[{"href":"https:\/\/tiemsachhoangtu.vn\/index.php?rest_route=\/wp\/v2\/product\/3308","targetHints":{"allow":["GET"]}}],"collection":[{"href":"https:\/\/tiemsachhoangtu.vn\/index.php?rest_route=\/wp\/v2\/product"}],"about":[{"href":"https:\/\/tiemsachhoangtu.vn\/index.php?rest_route=\/wp\/v2\/types\/product"}],"wp:featuredmedia":[{"embeddable":true,"href":"https:\/\/tiemsachhoangtu.vn\/index.php?rest_route=\/wp\/v2\/media\/3311"}],"wp:attachment":[{"href":"https:\/\/tiemsachhoangtu.vn\/index.php?rest_route=%2Fwp%2Fv2%2Fmedia&parent=3308"}],"wp:term":[{"taxonomy":"product_brand","embeddable":true,"href":"https:\/\/tiemsachhoangtu.vn\/index.php?rest_route=%2Fwp%2Fv2%2Fproduct_brand&post=3308"},{"taxonomy":"product_cat","embeddable":true,"href":"https:\/\/tiemsachhoangtu.vn\/index.php?rest_route=%2Fwp%2Fv2%2Fproduct_cat&post=3308"},{"taxonomy":"product_tag","embeddable":true,"href":"https:\/\/tiemsachhoangtu.vn\/index.php?rest_route=%2Fwp%2Fv2%2Fproduct_tag&post=3308"},{"taxonomy":"product_brands","embeddable":true,"href":"https:\/\/tiemsachhoangtu.vn\/index.php?rest_route=%2Fwp%2Fv2%2Fproduct_brands&post=3308"}],"curies":[{"name":"wp","href":"https:\/\/api.w.org\/{rel}","templated":true}]}}