{"id":3317,"date":"2025-05-26T16:31:46","date_gmt":"2025-05-26T09:31:46","guid":{"rendered":"https:\/\/tiemsachhoangtu.vn\/?post_type=product&#038;p=3317"},"modified":"2025-05-26T16:31:46","modified_gmt":"2025-05-26T09:31:46","slug":"truyen-tranh-chu-thuat-hoi-chien","status":"publish","type":"product","link":"https:\/\/tiemsachhoangtu.vn\/?product=truyen-tranh-chu-thuat-hoi-chien","title":{"rendered":"Truy\u1ec7n tranh Ch\u00fa thu\u1eadt h\u1ed3i chi\u1ebfn"},"content":{"rendered":"<p>Itadori Yuji l\u00e0 m\u1ed9t h\u1ecdc sinh c\u1ea5p Ba s\u1edf h\u1eefu n\u0103ng l\u1ef1c th\u1ec3 ch\u1ea5t phi th\u01b0\u1eddng. H\u1eb1ng ng\u00e0y c\u1eadu th\u01b0\u1eddng t\u1edbi b\u1ec7nh vi\u1ec7n ch\u0103m ng\u01b0\u1eddi \u00f4ng \u0111ang \u1ed1m li\u1ec7t gi\u01b0\u1eddng. Nh\u01b0ng m\u1ed9t ng\u00e0y n\u1ecd, phong \u1ea5n c\u1ee7a \u201cch\u00fa v\u1eadt\u201d v\u1ed1n ng\u1ee7 y\u00ean trong tr\u01b0\u1eddng b\u1ecb ph\u00e1 gi\u1ea3i, qu\u00e1i v\u1eadt xu\u1ea5t hi\u1ec7n. \u0110\u1ec3 c\u1ee9u hai anh ch\u1ecb kh\u00f3a tr\u00ean \u0111ang g\u1eb7p nguy hi\u1ec3m, Itadori \u0111\u00e3 x\u00f4ng v\u00e0o tr\u01b0\u1eddng v\u00e0&#8230;<br \/>\nPh\u1ea7n ch\u00ednh truy\u1ec7n c\u1ee7a CH\u00da THU\u1eacT H\u1ed2I CHI\u1ebeN &#8211; Series bom t\u1ea5n \u0111\u00e3 b\u00e1n ra h\u01a1n 30 tri\u1ec7u b\u1ea3n t\u1ea1i Nh\u1eadt n\u0103m 2021, b\u1eaft \u0111\u1ea7u\u2026!!<\/p>\n","protected":false},"excerpt":{"rendered":"<p>Itadori Yuji l\u00e0 m\u1ed9t h\u1ecdc sinh c\u1ea5p Ba s\u1edf h\u1eefu n\u0103ng l\u1ef1c th\u1ec3 ch\u1ea5t phi th\u01b0\u1eddng. H\u1eb1ng ng\u00e0y c\u1eadu th\u01b0\u1eddng t\u1edbi b\u1ec7nh vi\u1ec7n ch\u0103m ng\u01b0\u1eddi \u00f4ng \u0111ang \u1ed1m li\u1ec7t gi\u01b0\u1eddng. Nh\u01b0ng m\u1ed9t ng\u00e0y n\u1ecd, phong \u1ea5n c\u1ee7a \u201cch\u00fa v\u1eadt\u201d v\u1ed1n ng\u1ee7 y\u00ean trong tr\u01b0\u1eddng b\u1ecb ph\u00e1 gi\u1ea3i, qu\u00e1i v\u1eadt xu\u1ea5t hi\u1ec7n. \u0110\u1ec3 c\u1ee9u hai anh&#8230;<\/p>\n","protected":false},"featured_media":3327,"template":"","meta":{"pagelayer_contact_templates":[],"_pagelayer_content":"","_bst_post_transparent":"default","_bst_post_title":"","_bst_post_layout":"default","_bst_post_sidebar_id":"","_bst_post_content_style":"default","_bst_post_vertical_padding":"default","_bst_post_feature":"","_bst_post_feature_position":"","_bst_post_header":false,"_bst_post_footer":false},"product_brand":[139],"product_cat":[37],"product_tag":[],"product_brands":[],"class_list":{"0":"post-3317","1":"product","2":"type-product","3":"status-publish","4":"has-post-thumbnail","6":"product_brand-chu-thuat-hoi-chien","7":"product_cat-truyen-tranh-manga-comic","9":"first","10":"instock","11":"sale","12":"taxable","13":"shipping-taxable","14":"purchasable","15":"product-type-simple","16":"entry","17":"content-bg","18":"loop-entry"},"jetpack_sharing_enabled":true,"_links":{"self":[{"href":"https:\/\/tiemsachhoangtu.vn\/index.php?rest_route=\/wp\/v2\/product\/3317","targetHints":{"allow":["GET"]}}],"collection":[{"href":"https:\/\/tiemsachhoangtu.vn\/index.php?rest_route=\/wp\/v2\/product"}],"about":[{"href":"https:\/\/tiemsachhoangtu.vn\/index.php?rest_route=\/wp\/v2\/types\/product"}],"wp:featuredmedia":[{"embeddable":true,"href":"https:\/\/tiemsachhoangtu.vn\/index.php?rest_route=\/wp\/v2\/media\/3327"}],"wp:attachment":[{"href":"https:\/\/tiemsachhoangtu.vn\/index.php?rest_route=%2Fwp%2Fv2%2Fmedia&parent=3317"}],"wp:term":[{"taxonomy":"product_brand","embeddable":true,"href":"https:\/\/tiemsachhoangtu.vn\/index.php?rest_route=%2Fwp%2Fv2%2Fproduct_brand&post=3317"},{"taxonomy":"product_cat","embeddable":true,"href":"https:\/\/tiemsachhoangtu.vn\/index.php?rest_route=%2Fwp%2Fv2%2Fproduct_cat&post=3317"},{"taxonomy":"product_tag","embeddable":true,"href":"https:\/\/tiemsachhoangtu.vn\/index.php?rest_route=%2Fwp%2Fv2%2Fproduct_tag&post=3317"},{"taxonomy":"product_brands","embeddable":true,"href":"https:\/\/tiemsachhoangtu.vn\/index.php?rest_route=%2Fwp%2Fv2%2Fproduct_brands&post=3317"}],"curies":[{"name":"wp","href":"https:\/\/api.w.org\/{rel}","templated":true}]}}