{"id":3328,"date":"2025-05-26T16:37:01","date_gmt":"2025-05-26T09:37:01","guid":{"rendered":"https:\/\/tiemsachhoangtu.vn\/?post_type=product&#038;p=3328"},"modified":"2025-05-26T16:37:01","modified_gmt":"2025-05-26T09:37:01","slug":"truyen-tranh-thanh-guom-diet-quy","status":"publish","type":"product","link":"https:\/\/tiemsachhoangtu.vn\/?product=truyen-tranh-thanh-guom-diet-quy","title":{"rendered":"Truy\u1ec7n tranh Thanh g\u01b0\u01a1m di\u1ec7t qu\u1ef7"},"content":{"rendered":"<p>V\u00e0o th\u1eddi Taisho, c\u00f3 m\u1ed9t c\u1eadu b\u00e9 b\u00e1n than v\u1edbi t\u1ea5m l\u00f2ng nh\u00e2n h\u1eadu t\u00ean Tanjiro. Nh\u1eefng ng\u00e0y y\u00ean b\u00ecnh \u0111\u00e3 ch\u1eb3ng c\u00f2n khi Qu\u1ef7 \u0111\u1ebfn t\u00e0n s\u00e1t c\u1ea3 gia \u0111\u00ecnh c\u1eadu, ch\u1ec9 duy nh\u1ea5t ng\u01b0\u1eddi em g\u00e1i Nezuko c\u00f2n s\u1ed1ng s\u00f3t nh\u01b0ng l\u1ea1i b\u1ecb bi\u1ebfn th\u00e0nh Qu\u1ef7. Mang trong m\u00ecnh quy\u1ebft t\u00e2m ch\u1eefa cho em g\u00e1i, Tanjiro \u0111\u00e3 c\u00f9ng Nezuko b\u1eaft \u0111\u1ea7u cu\u1ed9c h\u00e0nh tr\u00ecnh t\u00ecm ki\u1ebfm tung t\u00edch con qu\u1ef7 \u0111\u00e3 ra tay v\u1edbi gia \u0111\u00ecnh c\u1eadu!!<\/p>\n<p>Cu\u1ed9c phi\u00eau l\u01b0u tr\u00ean con \u0111\u01b0\u1eddng ki\u1ebfm s\u0129 \u0111\u00e3 b\u1eaft \u0111\u1ea7u!!<\/p>\n","protected":false},"excerpt":{"rendered":"<p>V\u00e0o th\u1eddi Taisho, c\u00f3 m\u1ed9t c\u1eadu b\u00e9 b\u00e1n than v\u1edbi t\u1ea5m l\u00f2ng nh\u00e2n h\u1eadu t\u00ean Tanjiro. Nh\u1eefng ng\u00e0y y\u00ean b\u00ecnh \u0111\u00e3 ch\u1eb3ng c\u00f2n khi Qu\u1ef7 \u0111\u1ebfn t\u00e0n s\u00e1t c\u1ea3 gia \u0111\u00ecnh c\u1eadu, ch\u1ec9 duy nh\u1ea5t ng\u01b0\u1eddi em g\u00e1i Nezuko c\u00f2n s\u1ed1ng s\u00f3t nh\u01b0ng l\u1ea1i b\u1ecb bi\u1ebfn th\u00e0nh Qu\u1ef7. Mang trong m\u00ecnh quy\u1ebft t\u00e2m ch\u1eefa cho&#8230;<\/p>\n","protected":false},"featured_media":3331,"template":"","meta":{"pagelayer_contact_templates":[],"_pagelayer_content":"","_bst_post_transparent":"default","_bst_post_title":"","_bst_post_layout":"default","_bst_post_sidebar_id":"","_bst_post_content_style":"default","_bst_post_vertical_padding":"default","_bst_post_feature":"","_bst_post_feature_position":"","_bst_post_header":false,"_bst_post_footer":false},"product_brand":[],"product_cat":[37],"product_tag":[],"product_brands":[],"class_list":{"0":"post-3328","1":"product","2":"type-product","3":"status-publish","4":"has-post-thumbnail","6":"product_cat-truyen-tranh-manga-comic","8":"first","9":"instock","10":"sale","11":"taxable","12":"shipping-taxable","13":"purchasable","14":"product-type-simple","15":"entry","16":"content-bg","17":"loop-entry"},"jetpack_sharing_enabled":true,"_links":{"self":[{"href":"https:\/\/tiemsachhoangtu.vn\/index.php?rest_route=\/wp\/v2\/product\/3328","targetHints":{"allow":["GET"]}}],"collection":[{"href":"https:\/\/tiemsachhoangtu.vn\/index.php?rest_route=\/wp\/v2\/product"}],"about":[{"href":"https:\/\/tiemsachhoangtu.vn\/index.php?rest_route=\/wp\/v2\/types\/product"}],"wp:featuredmedia":[{"embeddable":true,"href":"https:\/\/tiemsachhoangtu.vn\/index.php?rest_route=\/wp\/v2\/media\/3331"}],"wp:attachment":[{"href":"https:\/\/tiemsachhoangtu.vn\/index.php?rest_route=%2Fwp%2Fv2%2Fmedia&parent=3328"}],"wp:term":[{"taxonomy":"product_brand","embeddable":true,"href":"https:\/\/tiemsachhoangtu.vn\/index.php?rest_route=%2Fwp%2Fv2%2Fproduct_brand&post=3328"},{"taxonomy":"product_cat","embeddable":true,"href":"https:\/\/tiemsachhoangtu.vn\/index.php?rest_route=%2Fwp%2Fv2%2Fproduct_cat&post=3328"},{"taxonomy":"product_tag","embeddable":true,"href":"https:\/\/tiemsachhoangtu.vn\/index.php?rest_route=%2Fwp%2Fv2%2Fproduct_tag&post=3328"},{"taxonomy":"product_brands","embeddable":true,"href":"https:\/\/tiemsachhoangtu.vn\/index.php?rest_route=%2Fwp%2Fv2%2Fproduct_brands&post=3328"}],"curies":[{"name":"wp","href":"https:\/\/api.w.org\/{rel}","templated":true}]}}